{"id":80,"date":"2015-07-27T15:36:36","date_gmt":"2015-07-27T15:36:36","guid":{"rendered":"http:\/\/divertidosos.com.br\/novidades\/?page_id=80"},"modified":"2019-02-05T09:50:30","modified_gmt":"2019-02-05T09:50:30","slug":"divertidosos","status":"publish","type":"page","link":"https:\/\/divertidosos.com.br\/novidades\/divertidosos\/","title":{"rendered":"Divertidosos"},"content":{"rendered":"[vc_row type=&#8221;in_container&#8221; full_screen_row_position=&#8221;middle&#8221; scene_position=&#8221;center&#8221; text_color=&#8221;dark&#8221; text_align=&#8221;left&#8221; overlay_strength=&#8221;0.3&#8243; shape_divider_position=&#8221;bottom&#8221; bg_image_animation=&#8221;none&#8221;][vc_column column_padding=&#8221;padding-2-percent&#8221; column_padding_position=&#8221;all&#8221; background_color_opacity=&#8221;1&#8243; background_hover_color_opacity=&#8221;1&#8243; column_link_target=&#8221;_self&#8221; column_shadow=&#8221;none&#8221; column_border_radius=&#8221;none&#8221; width=&#8221;3\/4&#8243; tablet_width_inherit=&#8221;default&#8221; tablet_text_alignment=&#8221;default&#8221; phone_text_alignment=&#8221;default&#8221; column_border_width=&#8221;none&#8221; column_border_style=&#8221;solid&#8221; bg_image_animation=&#8221;none&#8221;][vc_column_text]\n<h1><span style=\"color: #4f3417;\">Nossa\u00a0Hist\u00f3ria,<br \/>\npor Guilherme<\/span><\/h1>\n<p style=\"text-align: justify;\">Sou natural de Campinas, morei boa parte de minha vida em S\u00e3o Paulo, e vim morar em Santos h\u00e1 10\u00a0anos, quando precisei cuidar de meu pai, na \u00e9poca com 92 anos, e v\u00edtima de um AVC. Como ele s\u00f3 tinha a mim para cuidar dele, com muita dedica\u00e7\u00e3o, fisioterapia e uma comidinha caseira, ele se recuperou plenamente. Entretanto, as cataratas prejudicaram muito sua vis\u00e3o e ele resolveu oper\u00e1-las. Passou a enxergar muito bem, lia o jornal todas as manh\u00e3s, e ap\u00f3s um tempo, resolvi mostrar para ele como jogar paci\u00eancia no computador. Ele n\u00e3o s\u00f3 se interessou, como aprendeu, e com 93 anos\u00a0passava horas jogando paci\u00eancia&#8230; A\u00ed o m\u00e9dico deu uma bronca, pois ele reclamava da vista cansada, e a culpa era do tempo todo usando a m\u00e1quina&#8230; Infelizmente ele veio a falecer em 2008, e no mesmo ano ganhei uma cachorrinha yorkshire que passou a me fazer companhia e a me obrigar a passear com ela todos os dias, socializando muito na praia, onde conheci v\u00e1rias pessoas, na sua maioria, IDOSOS.<\/p>\n<p style=\"text-align: justify;\">Nos nossos bate-papos descobri que poucos usavam o computador, a maioria por medo, ou por n\u00e3o saber usar, ou ainda por n\u00e3o ter pessoas mais jovens interessadas em ensin\u00e1-los. Lembrando de meu pai e suas horas gastas no computador, pensei que talvez fosse interessante criar um site voltado para a \u00faltima inf\u00e2ncia, como prefiro chamar meus colegas da &#8220;terceira idade&#8221;. Al\u00e9m dessa ideia, um fato foi fundamental: tenho um amigo que j\u00e1 me enviou aproximadamente 3000 e-mails. A\u00ed eu abria, via aqueles v\u00eddeos ou mensagens maravilhosas e pensava: deve haver uma maneira de divulgar isso para mais pessoas do que as que est\u00e3o na minha lista de e-mails. Eu sempre\u00a0o homenageio em publica\u00e7\u00f5es no site, j\u00e1 que sua contribui\u00e7\u00e3o \u00e9 cont\u00ednua e frequente&#8230; Com a ajuda de minha mulher, criamos o esqueleto do site, e o desenvolvemos para ter espa\u00e7o para contar hist\u00f3rias, piadas, poesias, dan\u00e7a de sal\u00e3o, espa\u00e7o PET, viagem e hospedagem, sa\u00fade e bem estar&#8230;<\/p>\n<p style=\"text-align: justify;\">Pensei em criar algo que tirasse um pouco a solid\u00e3o da \u00faltima inf\u00e2ncia, inserindo o idoso ou a idosa num contexto digital para que se sintam inclu\u00eddos e n\u00e3o exclu\u00eddos como acabamos sendo, pelos mais jovens teclando seus celulares modern\u00edssimos sem parar, ou utilizando seus tablets, sem sequer conversar \u00e0 mesa como se fazia antigamente \u2013 se concentram em seu mundo digital e esquecem de todas as outras pessoas. Pensei que talvez eu pudesse replicar o que fiz com meu pai para mais pessoas. Esta \u00e9 a finalidade do site: divertir, informar, proporcionar momentos prazerosos, entreter e divulgar conhecimento.<\/p>\n<p style=\"text-align: justify;\">Preciso contar uma experi\u00eancia \u00fanica que vivi em Dezembro\/2013: participei de uma formatura de um projeto voltado para a terceira idade, numa escola que est\u00e1 dando cursos de Inform\u00e1tica, Ingl\u00eas e Espanhol para esse p\u00fablico. Acho que foi a primeira vez na minha vida que vi na mesa diretora da formatura, pessoas que tinham a metade da idade dos formandos&#8230; Foi maravilhoso!!!<\/p>\n<p style=\"text-align: justify;\">Planos para o futuro? Em junho vimos as manifesta\u00e7\u00f5es dos jovens, que gritavam: &#8220;Vem pra rua&#8221;, mobilizando milhares e milh\u00f5es nesta causa. Eu penso que n\u00e3o tenho mais idade para esse tipo de mobiliza\u00e7\u00e3o, mas posso fazer minha parte dizendo &#8220;Vem para a inclus\u00e3o digital, vem abrir seus horizontes, vem conhecer novos mundos, novas ideias, novos aprendizados, VEM!!!&#8221;<\/p>\n<p><a href=\"http:\/\/divertidosos.com.br\/novidades\/wp-content\/uploads\/2015\/07\/fvl4.jpg\"><img loading=\"lazy\" decoding=\"async\" class=\"normal alignnone size-full wp-image-90\" src=\"http:\/\/divertidosos.com.br\/novidades\/wp-content\/uploads\/2015\/07\/fvl4.jpg\" alt=\"fvl4\" width=\"4608\" height=\"2472\" srcset=\"https:\/\/divertidosos.com.br\/novidades\/wp-content\/uploads\/2015\/07\/fvl4.jpg 4608w, https:\/\/divertidosos.com.br\/novidades\/wp-content\/uploads\/2015\/07\/fvl4-300x161.jpg 300w, https:\/\/divertidosos.com.br\/novidades\/wp-content\/uploads\/2015\/07\/fvl4-1024x549.jpg 1024w, https:\/\/divertidosos.com.br\/novidades\/wp-content\/uploads\/2015\/07\/fvl4-1500x805.jpg 1500w, https:\/\/divertidosos.com.br\/novidades\/wp-content\/uploads\/2015\/07\/fvl4-740x397.jpg 740w, https:\/\/divertidosos.com.br\/novidades\/wp-content\/uploads\/2015\/07\/fvl4-790x425.jpg 790w\" sizes=\"auto, (max-width: 4608px) 100vw, 4608px\" \/><\/a>Fotografia de Funda\u00e7\u00e3o Vict\u00f3rio Lanza[\/vc_column_text][\/vc_column][vc_column column_padding=&#8221;no-extra-padding&#8221; column_padding_position=&#8221;all&#8221; background_color_opacity=&#8221;1&#8243; background_hover_color_opacity=&#8221;1&#8243; column_link_target=&#8221;_self&#8221; column_shadow=&#8221;none&#8221; column_border_radius=&#8221;none&#8221; top_margin=&#8221;3%&#8221; width=&#8221;1\/4&#8243; tablet_width_inherit=&#8221;default&#8221; tablet_text_alignment=&#8221;default&#8221; phone_text_alignment=&#8221;default&#8221; column_border_width=&#8221;none&#8221; column_border_style=&#8221;solid&#8221; bg_image_animation=&#8221;none&#8221;][vc_raw_html]JTNDYSUzRSUzQ2ltZyUyMHNyYyUzRCUyMmh0dHBzJTNBJTJGJTJGZGl2ZXJ0aWRvc29zLmNvbS5iciUyRm5vdmlkYWRlcyUyRndwLWNvbnRlbnQlMkZ1cGxvYWRzJTJGMjAxOSUyRjAyJTJGZ3VpbGhlcm1lLWRpdmVydGlkb3Nvcy5wbmclMjIlMjAlMkYlM0UlM0MlMkZhJTNFJTBBJTBBJTNDY2VudGVyJTNFJTNDcCUzRSUzQ2IlM0VHdWlsaGVybWUlMjBHYXJnYW50aW5pJTNDJTJGYiUzRSUzQyUyRnAlM0UlM0NwJTNFQWwlQzMlQjQlMjB2b2MlQzMlQUElMkMlMjBxdWUlMjAlQzMlQTklMjBkYSUyMG5vc3NhJTIwdHVybWElMjElMjBFc3RlJTIwc2l0ZSUyMCVDMyVBOSUyMGRlZGljYWRvJTIwJUMzJUEwJTIwZGl2ZXJzJUMzJUEzbyUyMGUlMjBpbmNsdXMlQzMlQTNvJTIwZGlnaXRhbCUyMGRlJTIwdG9kb3MlMjBxdWUlMjBjaGVnYXJhbSUyMCVDMyVBMCUyMCVDMyVCQWx0aW1hJTIwaW5mJUMzJUEybmNpYSUyQyUyMGNvbW8lMjBwcmVmZXJpbW9zJTIwY2hhbWFyJTIwYSUyMFRlcmNlaXJhJTIwSWRhZGUlMjElMjElMjElM0MlMkZwJTNFJTBBJTBBJTNDcCUzRUFxdWklMjB2b2MlQzMlQUElMjBlbmNvbnRyYSUyMHR1dG9yaWFpcyUyMGIlQzMlQTFzaWNvcyUyMGRlJTIwdGVjbm9sb2dpYSUyQyUyMGRpY2FzJTIwZGUlMjBzYSVDMyVCQWRlJTIwZSUyMGRpdmVycyVDMyVBM28uJTIwU2VqYSUyMHVtJTIwRGl2ZXJ0aW5hdXRhJTIwZSUyMGRpdmlydGEtc2UlMjB2aWFqYW5kbyUyMHBlbG8lMjBtdW5kbyUyMGF0cmF2JUMzJUE5cyUyMGRhJTIwaW50ZXJuZXQuJTBBVXNlJTIwbyUyMERpdmVydGlkb3NvcyUyMGNvbW8lMjB1bWElMjBuYXZlJTIwZXNwYWNpYWwlMkMlMjBlc2NyZXZhJTJDJTIwY29udGUlMjBzdWElMjBoaXN0JUMzJUIzcmlhJTJDJTIwbWFuZGUlMjBzdWElMjBwb2VzaWElMkMlMjBzdWElMjBwaWFkYSUyQyUyMGNvbnRlJTIwbyUyMHNldSUyMGRpYSUyMGElMjBkaWEuJTIwUGFydGljaXBlJTIxJTNDJTJGcCUzRSUzQyUyRmNlbnRlciUzRSUzQyUyRmJyJTNFJTBBJTBBJTNDY2VudGVyJTNFJTNDYSUyMGhyZWYlM0QlMjJodHRwcyUzQSUyRiUyRmRpdmVydGlkb3Nvcy5jb20uYnIlMkZqb2dvcyUyRnBhcm91aW1wYXJlbWNvcmVzJTJGaW5kZXguaHRtbCUyMiUzRSUzQ2ltZyUyMHNyYyUzRCUyMmh0dHBzJTNBJTJGJTJGZGl2ZXJ0aWRvc29zLmNvbS5iciUyRm5vdmlkYWRlcyUyRndwLWNvbnRlbnQlMkZ1cGxvYWRzJTJGMjAxNSUyRjA4JTJGR0FNRTEuZ2lmJTIyJTIwJTJGJTNFJTNDJTJGYSUzRSUwQSUwQSUzQ2ElMjBocmVmJTNEJTIyaHR0cHMlM0ElMkYlMkZ3d3cuc2F1ZGFkZWZtLmNvbS5iciUyRiUyMiUzRSUzQ2ltZyUyMHNyYyUzRCUyMmh0dHAlM0ElMkYlMkZkaXZlcnRpZG9zb3MuY29tLmJyJTJGbm92aWRhZGVzJTJGd3AtY29udGVudCUyRnVwbG9hZHMlMkYyMDE3JTJGMDclMkZyYWRpbzEuZ2lmJTIyJTIwJTJGJTNFJTNDJTJGYSUzRSUzQyUyRnAlM0UlM0MlMkZjZW50ZXIlM0UlMEElMEElM0NjZW50ZXIlM0UlM0NzY3JpcHQlMjBhc3luYyUyMHNyYyUzRCUyMiUyRiUyRnBhZ2VhZDIuZ29vZ2xlc3luZGljYXRpb24uY29tJTJGcGFnZWFkJTJGanMlMkZhZHNieWdvb2dsZS5qcyUyMiUzRSUzQyUyRnNjcmlwdCUzRSUwQSUzQyUyMS0tJTIwYW4lQzMlQkFuY2lvJTIwMiUyMC0tJTNFJTBBJTNDaW5zJTIwY2xhc3MlM0QlMjJhZHNieWdvb2dsZSUyMiUwQSUyMCUyMCUyMCUyMCUyMHN0eWxlJTNEJTIyZGlzcGxheSUzQWlubGluZS1ibG9jayUzQndpZHRoJTNBMzM2cHglM0JoZWlnaHQlM0EyODBweCUyMiUwQSUyMCUyMCUyMCUyMCUyMGRhdGEtYWQtY2xpZW50JTNEJTIyY2EtcHViLTUzNTYzNzg0MTUzMjE5NjElMjIlMEElMjAlMjAlMjAlMjAlMjBkYXRhLWFkLXNsb3QlM0QlMjIxNzczODE1MzMyJTIyJTNFJTNDJTJGaW5zJTNFJTBBJTNDc2NyaXB0JTNFJTBBJTI4YWRzYnlnb29nbGUlMjAlM0QlMjB3aW5kb3cuYWRzYnlnb29nbGUlMjAlN0MlN0MlMjAlNUIlNUQlMjkucHVzaCUyOCU3QiU3RCUyOSUzQiUwQSUzQyUyRnNjcmlwdCUzRSUzQyUyRmNlbnRlciUzRQ==[\/vc_raw_html][\/vc_column][\/vc_row]\n","protected":false},"excerpt":{"rendered":"<p>[vc_row type=&#8221;in_container&#8221; full_screen_row_position=&#8221;middle&#8221; scene_position=&#8221;center&#8221; text_color=&#8221;dark&#8221; text_align=&#8221;left&#8221; overlay_strength=&#8221;0.3&#8243; shape_divider_position=&#8221;bottom&#8221; bg_image_animation=&#8221;none&#8221;][vc_column column_padding=&#8221;padding-2-percent&#8221; column_padding_position=&#8221;all&#8221; background_color_opacity=&#8221;1&#8243; background_hover_color_opacity=&#8221;1&#8243; column_link_target=&#8221;_self&#8221; column_shadow=&#8221;none&#8221; column_border_radius=&#8221;none&#8221; width=&#8221;3\/4&#8243; tablet_width_inherit=&#8221;default&#8221; tablet_text_alignment=&#8221;default&#8221; phone_text_alignment=&#8221;default&#8221; column_border_width=&#8221;none&#8221; column_border_style=&#8221;solid&#8221; bg_image_animation=&#8221;none&#8221;][vc_column_text] Nossa\u00a0Hist\u00f3ria, por Guilherme Sou natural de Campinas,&#8230;<\/p>\n","protected":false},"author":1,"featured_media":474,"parent":0,"menu_order":0,"comment_status":"open","ping_status":"open","template":"","meta":{"footnotes":""},"class_list":["post-80","page","type-page","status-publish","has-post-thumbnail"],"jetpack_sharing_enabled":true,"jetpack_shortlink":"https:\/\/wp.me\/P6Awnw-1i","_links":{"self":[{"href":"https:\/\/divertidosos.com.br\/novidades\/wp-json\/wp\/v2\/pages\/80","targetHints":{"allow":["GET"]}}],"collection":[{"href":"https:\/\/divertidosos.com.br\/novidades\/wp-json\/wp\/v2\/pages"}],"about":[{"href":"https:\/\/divertidosos.com.br\/novidades\/wp-json\/wp\/v2\/types\/page"}],"author":[{"embeddable":true,"href":"https:\/\/divertidosos.com.br\/novidades\/wp-json\/wp\/v2\/users\/1"}],"replies":[{"embeddable":true,"href":"https:\/\/divertidosos.com.br\/novidades\/wp-json\/wp\/v2\/comments?post=80"}],"version-history":[{"count":14,"href":"https:\/\/divertidosos.com.br\/novidades\/wp-json\/wp\/v2\/pages\/80\/revisions"}],"predecessor-version":[{"id":7478,"href":"https:\/\/divertidosos.com.br\/novidades\/wp-json\/wp\/v2\/pages\/80\/revisions\/7478"}],"wp:featuredmedia":[{"embeddable":true,"href":"https:\/\/divertidosos.com.br\/novidades\/wp-json\/wp\/v2\/media\/474"}],"wp:attachment":[{"href":"https:\/\/divertidosos.com.br\/novidades\/wp-json\/wp\/v2\/media?parent=80"}],"curies":[{"name":"wp","href":"https:\/\/api.w.org\/{rel}","templated":true}]}}